{"id":8817,"date":"2022-07-19T17:36:59","date_gmt":"2022-07-19T17:36:59","guid":{"rendered":"https:\/\/eco-media.eu\/partners\/"},"modified":"2024-10-05T12:55:10","modified_gmt":"2024-10-05T10:55:10","slug":"partner","status":"publish","type":"page","link":"https:\/\/eco-media.eu\/it\/partner\/","title":{"rendered":"Partner"},"content":{"rendered":"\t\t<div data-elementor-type=\"wp-page\" data-elementor-id=\"8817\" class=\"elementor elementor-8817 elementor-7293\">\n\t\t\t\t\t\t<div class=\"elementor-inner\">\n\t\t\t\t<div class=\"elementor-section-wrap\">\n\t\t\t\t\t\t\t\t\t<section class=\"elementor-section elementor-top-section elementor-element elementor-element-5027f08 elementor-section-stretched elementor-section-boxed elementor-section-gap-beside-yes elementor-section-height-default elementor-section-height-default elementor-section-column-vertical-align-stretch\" data-id=\"5027f08\" data-element_type=\"section\" data-settings=\"{&quot;stretch_section&quot;:&quot;section-stretched&quot;,&quot;background_background&quot;:&quot;classic&quot;}\">\n\t\t\t\t\t\t<div class=\"elementor-container elementor-column-gap-extended\">\n\t\t\t\t\t\t\t<div class=\"elementor-row\">\n\t\t\t\t\t<div class=\"elementor-column elementor-col-100 elementor-top-column elementor-element elementor-element-d32de60 elementor-invisible\" data-id=\"d32de60\" data-element_type=\"column\" data-settings=\"{&quot;animation&quot;:&quot;maxcoachFadeInUp&quot;}\">\n\t\t\t<div class=\"elementor-column-wrap elementor-element-populated\">\n\t\t\t\t\t\t\t<div class=\"elementor-widget-wrap\">\n\t\t\t\t\t\t<div class=\"elementor-element elementor-element-91bd167 elementor-widget elementor-widget-tm-heading\" data-id=\"91bd167\" data-element_type=\"widget\" data-widget_type=\"tm-heading.default\">\n\t\t\t\t<div class=\"elementor-widget-container\">\n\t\t\t\t\t<div class=\"tm-modern-heading\">\n\t\t\t\n\t\t\t\t\t<div class=\"heading-primary-wrap\">\n\t\t\t<h2 class=\"heading-primary elementor-heading-title\">Partner<\/h2>\t\t<\/div>\n\t\t\n\t\t\t\n\t\t\t\t\t<\/div>\n\t\t\t\t<\/div>\n\t\t\t\t<\/div>\n\t\t\t\t\t\t<\/div>\n\t\t\t\t\t<\/div>\n\t\t<\/div>\n\t\t\t\t\t\t\t\t<\/div>\n\t\t\t\t\t<\/div>\n\t\t<\/section>\n\t\t\t\t<section class=\"elementor-section elementor-top-section elementor-element elementor-element-3ee8f31 elementor-section-stretched elementor-section-boxed elementor-section-gap-beside-yes elementor-section-height-default elementor-section-height-default elementor-section-column-vertical-align-stretch\" data-id=\"3ee8f31\" data-element_type=\"section\" data-settings=\"{&quot;stretch_section&quot;:&quot;section-stretched&quot;,&quot;background_background&quot;:&quot;classic&quot;}\">\n\t\t\t\t\t\t<div class=\"elementor-container elementor-column-gap-extended\">\n\t\t\t\t\t\t\t<div class=\"elementor-row\">\n\t\t\t\t\t<div class=\"elementor-column elementor-col-100 elementor-top-column elementor-element elementor-element-0d0dd39\" data-id=\"0d0dd39\" data-element_type=\"column\">\n\t\t\t<div class=\"elementor-column-wrap elementor-element-populated\">\n\t\t\t\t\t\t\t<div class=\"elementor-widget-wrap\">\n\t\t\t\t\t\t<div class=\"elementor-element elementor-element-6cdfb55 elementor-widget elementor-widget-text-editor\" data-id=\"6cdfb55\" data-element_type=\"widget\" data-widget_type=\"text-editor.default\">\n\t\t\t\t<div class=\"elementor-widget-container\">\n\t\t\t<style>\/*! elementor - v3.13.3 - 28-05-2023 *\/\n.elementor-widget-text-editor.elementor-drop-cap-view-stacked .elementor-drop-cap{background-color:#69727d;color:#fff}.elementor-widget-text-editor.elementor-drop-cap-view-framed .elementor-drop-cap{color:#69727d;border:3px solid;background-color:transparent}.elementor-widget-text-editor:not(.elementor-drop-cap-view-default) .elementor-drop-cap{margin-top:8px}.elementor-widget-text-editor:not(.elementor-drop-cap-view-default) .elementor-drop-cap-letter{width:1em;height:1em}.elementor-widget-text-editor .elementor-drop-cap{float:left;text-align:center;line-height:1;font-size:50px}.elementor-widget-text-editor .elementor-drop-cap-letter{display:inline-block}<\/style>\t\t\t\t\t<div class=\"elementor-text-editor elementor-clearfix\">\n\t\t\t\t<h4><strong>Coordinator: <\/strong>\u00a0<\/h4><h5><strong>P1 \u2013 AYUNTAMIENTO DE LA PALMA DEL CONDADO, Spain<\/strong><\/h5><p><img loading=\"lazy\" decoding=\"async\" class=\"alignleft size-medium wp-image-7151\" src=\"https:\/\/eco-media.eu\/wp-content\/uploads\/2022\/07\/r2-300x300.png\" alt=\"\" width=\"300\" height=\"300\" srcset=\"https:\/\/eco-media.eu\/wp-content\/uploads\/2022\/07\/r2-300x300.png 300w, https:\/\/eco-media.eu\/wp-content\/uploads\/2022\/07\/r2-150x150.png 150w, https:\/\/eco-media.eu\/wp-content\/uploads\/2022\/07\/r2-100x100.png 100w, https:\/\/eco-media.eu\/wp-content\/uploads\/2022\/07\/r2.png 400w\" sizes=\"auto, (max-width: 300px) 100vw, 300px\" \/><\/p><p>La Palma del Condado \u00e8 un comune spagnolo di 10.800 abitanti dichiarato citt\u00e0 dell&#8217;UE \u2013 Ambasciatore del Patto climatico dell&#8217;UE, membro della Rete globale dell&#8217;OMS delle citt\u00e0 e delle comunit\u00e0 a misura di anziano e membro attivo del Patto dei Sindaci, il pi\u00f9 grande movimento mondiale per le azioni locali per il clima e l&#8217;energia.<\/p><p>L&#8217;amministrazione del comune di La Palma del Condado (Huelva)<\/p><p>Sito web:\u00a0 <a style=\"background-color: #ffffff; letter-spacing: 0em;\" href=\"http:\/\/www.lapalmadelcondado.org\/\" target=\"_blank\" rel=\"noopener\">http:\/\/www.lapalmadelcondado.org\/<\/a><\/p><p>Facebook:\u00a0<a style=\"background-color: #ffffff; letter-spacing: 0em;\" href=\"https:\/\/www.facebook.com\/AytoLaPalmaCdo\" target=\"_blank\" rel=\"noopener\">https:\/\/www.facebook.com\/AytoLaPalmaCdo<\/a><\/p><p>Instagram:\u00a0<a style=\"background-color: #ffffff; letter-spacing: 0em;\" href=\"https:\/\/www.instagram.com\/aytolapalmadelcondado\/\" target=\"_blank\" rel=\"noopener\">@aytolapalmadelcondado<\/a><\/p><h4><strong>Partners:<\/strong><\/h4><h5><strong>P2 \u2013 Wisefour Innovation and Development Organisation Ltd, Cyprus<\/strong><\/h5><p><img loading=\"lazy\" decoding=\"async\" class=\"wp-image-7166 size-medium alignleft\" src=\"https:\/\/eco-media.eu\/wp-content\/uploads\/2022\/07\/r5-300x300.png\" alt=\"\" width=\"300\" height=\"300\" srcset=\"https:\/\/eco-media.eu\/wp-content\/uploads\/2022\/07\/r5-300x300.png 300w, https:\/\/eco-media.eu\/wp-content\/uploads\/2022\/07\/r5-150x150.png 150w, https:\/\/eco-media.eu\/wp-content\/uploads\/2022\/07\/r5-100x100.png 100w, https:\/\/eco-media.eu\/wp-content\/uploads\/2022\/07\/r5.png 400w\" sizes=\"auto, (max-width: 300px) 100vw, 300px\" \/><\/p><p>Wisefour Innovation and Development Organisation Ltd \u00e8 un&#8217;organizzazione boutique di ricerca, innovazione e tecnologia con sede a Cipro che fornisce servizi di livello mondiale ad aziende e centri di ricerca in tutta Europa. La sua missione \u00e8 quella di riunire istituti leader a livello mondiale e aziende multinazionali di tutta Europa, identificando l&#8217;innovazione e la commercializzazione in corso della prossima generazione di Key Enabling Technologies (KET).<\/p><p>Sito web: <a style=\"background-color: #ffffff; letter-spacing: 0em;\" href=\"http:\/\/www.wisefour.eu\" target=\"_blank\" rel=\"noopener\">www.wisefour.eu<\/a><\/p><p>Facebook:\u00a0<a style=\"background-color: #ffffff; letter-spacing: 0em;\" href=\"https:\/\/facebook.com\/wise4company\" target=\"_blank\" rel=\"noopener\">@wise4company<\/a><\/p><p>Instagram:\u00a0<a style=\"background-color: #ffffff; letter-spacing: 0em;\" href=\"https:\/\/instagram.com\/wisefourcompany\" target=\"_blank\" rel=\"noopener\">@wisefourcompany<\/a><\/p><h5><strong>P3 \u2013 ENJOY ITALY, Italy<\/strong><\/h5><p><img loading=\"lazy\" decoding=\"async\" class=\"size-medium wp-image-7146 alignleft\" src=\"https:\/\/eco-media.eu\/wp-content\/uploads\/2022\/07\/r1-300x300.png\" alt=\"\" width=\"300\" height=\"300\" srcset=\"https:\/\/eco-media.eu\/wp-content\/uploads\/2022\/07\/r1-300x300.png 300w, https:\/\/eco-media.eu\/wp-content\/uploads\/2022\/07\/r1-150x150.png 150w, https:\/\/eco-media.eu\/wp-content\/uploads\/2022\/07\/r1-100x100.png 100w, https:\/\/eco-media.eu\/wp-content\/uploads\/2022\/07\/r1.png 400w\" sizes=\"auto, (max-width: 300px) 100vw, 300px\" \/><\/p><p>Enjoy Italy \u2013 Strumenti e Servizi per l&#8217;Istruzione, la Formazione e lo Sviluppo Locale \u00e8 una giovane azienda fondata su pochi ma solidi valori. L&#8217;obiettivo principale \u00e8 la fornitura di strumenti e opportunit\u00e0 per la crescita professionale, sociale e culturale di insegnanti ed educatori. Per cittadini e comunit\u00e0 responsabili. Verso l&#8217;innovazione nell&#8217;istruzione europea.<\/p><p>Sito web: <a style=\"background-color: #ffffff; letter-spacing: 0em;\" href=\"http:\/\/www.enjoyitaly.org\" target=\"_blank\" rel=\"noopener\">www.enjoyitaly.org<\/a><\/p><p>Facebook:\u00a0<a style=\"background-color: #ffffff; letter-spacing: 0em;\" href=\"https:\/\/facebook.com\/EnjoyItaly\" target=\"_blank\" rel=\"noopener\">@EnjoyItaly<\/a><\/p><h5><strong>P4 \u2013 Vienna Association of Education Volunteers, Austria<\/strong><\/h5><p><img loading=\"lazy\" decoding=\"async\" class=\"alignleft size-medium wp-image-7299\" src=\"https:\/\/eco-media.eu\/wp-content\/uploads\/2022\/07\/vaev-300x300.jpg\" alt=\"\" width=\"300\" height=\"300\" srcset=\"https:\/\/eco-media.eu\/wp-content\/uploads\/2022\/07\/vaev-300x300.jpg 300w, https:\/\/eco-media.eu\/wp-content\/uploads\/2022\/07\/vaev-150x150.jpg 150w, https:\/\/eco-media.eu\/wp-content\/uploads\/2022\/07\/vaev-100x100.jpg 100w, https:\/\/eco-media.eu\/wp-content\/uploads\/2022\/07\/vaev.jpg 400w\" sizes=\"auto, (max-width: 300px) 100vw, 300px\" \/><\/p><p>La Vienna Education Volunteers Association (VAEV) \u00e8 un&#8217;organizzazione non governativa, con sede a Vienna, in Austria, formata da una comunit\u00e0 di sostenitori appassionati impegnati a sviluppare soluzioni sostenibili per migliorare i processi di istruzione e apprendimento conducendo ricerche, partecipando a progetti e promuovendo l&#8217;innovazione. .<\/p><p>Sito web: https:\/\/euresearch.at\/<\/p><p>Instagram: https:\/\/www.instagram.com\/vaevrd\/<\/p><h5><strong>P5 \u2013 INSTITUTE OF ENTREPRENEURSHIP DEVELOPMENT, Greece<\/strong><\/h5><p><img loading=\"lazy\" decoding=\"async\" class=\"size-medium wp-image-7161 alignleft\" src=\"https:\/\/eco-media.eu\/wp-content\/uploads\/2022\/07\/r4-300x300.png\" alt=\"\" width=\"300\" height=\"300\" srcset=\"https:\/\/eco-media.eu\/wp-content\/uploads\/2022\/07\/r4-300x300.png 300w, https:\/\/eco-media.eu\/wp-content\/uploads\/2022\/07\/r4-150x150.png 150w, https:\/\/eco-media.eu\/wp-content\/uploads\/2022\/07\/r4-100x100.png 100w, https:\/\/eco-media.eu\/wp-content\/uploads\/2022\/07\/r4.png 400w\" sizes=\"auto, (max-width: 300px) 100vw, 300px\" \/><\/p><p>Institute of Entrepreneurship Development (iED) \u00e8 un&#8217;organizzazione greca senza scopo di lucro impegnata a promuovere l&#8217;innovazione e migliorare l&#8217;imprenditorialit\u00e0. Fondato nel 2005, iED \u00e8 un importante centro di eccellenza certificato nell&#8217;imprenditoria europea e un centro di innovazione digitale in rapida crescita, registrato come membro del catalogo IHL della Commissione europea, che riconosce l&#8217;imprenditorialit\u00e0 come un fattore cruciale per il futuro dello sviluppo sostenibile e della coesione delle societ\u00e0.<\/p><p>Sito web: <a style=\"background-color: #ffffff; letter-spacing: 0em;\" href=\"http:\/\/ied.eu\" target=\"_blank\" rel=\"noopener\">http:\/\/ied.eu<\/a><\/p><p>Facebook:\u00a0<a style=\"background-color: #ffffff; letter-spacing: 0em;\" href=\"https:\/\/facebook.com\/ied.europe\" target=\"_blank\" rel=\"noopener\">@ied.europe<\/a><\/p><p>Instagram:\u00a0<span style=\"background-color: #ffffff; letter-spacing: 0em;\"><a href=\"https:\/\/instagram.com\/ied.europe\">@ied.europe<\/a><\/span><\/p><h5><strong>P6 \u2013 Kest\u00e4v\u00e4n Kehityksen Instituuttiry, Finland<\/strong><\/h5><p><img loading=\"lazy\" decoding=\"async\" class=\"size-medium wp-image-7156 alignleft\" src=\"https:\/\/eco-media.eu\/wp-content\/uploads\/2022\/07\/r3-300x300.png\" alt=\"\" width=\"300\" height=\"300\" srcset=\"https:\/\/eco-media.eu\/wp-content\/uploads\/2022\/07\/r3-300x300.png 300w, https:\/\/eco-media.eu\/wp-content\/uploads\/2022\/07\/r3-150x150.png 150w, https:\/\/eco-media.eu\/wp-content\/uploads\/2022\/07\/r3-100x100.png 100w, https:\/\/eco-media.eu\/wp-content\/uploads\/2022\/07\/r3.png 400w\" sizes=\"auto, (max-width: 300px) 100vw, 300px\" \/><\/p><p>L&#8217;Istituto per lo sviluppo sostenibile (DSI) \u00e8 un&#8217;organizzazione non governativa senza scopo di lucro ai sensi della legge sulle entit\u00e0 giudiziarie senza scopo di lucro.<\/p><p>Sito web: <a style=\"background-color: #ffffff; letter-spacing: 0em;\" href=\"http:\/\/sustainabledevelopment.institute\/\" target=\"_blank\" rel=\"noopener\">http:\/\/sustainabledevelopment.institute\/<\/a><\/p><p>Facebook:\u00a0<a style=\"background-color: #ffffff; letter-spacing: 0em;\" href=\"https:\/\/facebook.com\/SustainableDevelopmentFinland\" target=\"_blank\" rel=\"noopener\">@SustainableDevelopmentFinland<\/a><\/p>\t\t\t\t\t<\/div>\n\t\t\t\t\t\t<\/div>\n\t\t\t\t<\/div>\n\t\t\t\t\t\t<\/div>\n\t\t\t\t\t<\/div>\n\t\t<\/div>\n\t\t\t\t\t\t\t\t<\/div>\n\t\t\t\t\t<\/div>\n\t\t<\/section>\n\t\t\t\t\t\t\t\t\t<\/div>\n\t\t\t<\/div>\n\t\t\t\t\t<\/div>\n\t\t","protected":false},"excerpt":{"rendered":"<p>Partner Coordinator: \u00a0 P1 \u2013 AYUNTAMIENTO DE LA PALMA DEL CONDADO, Spain La Palma del Condado \u00e8 un comune spagnolo di 10.800 abitanti dichiarato citt\u00e0 dell&#8217;UE \u2013 Ambasciatore del Patto climatico dell&#8217;UE, membro della Rete globale dell&#8217;OMS delle citt\u00e0 e delle comunit\u00e0 a misura di anziano e membro attivo del Patto dei Sindaci, il pi\u00f9 grande movimento mondiale per le azioni locali per il clima e l&#8217;energia. L&#8217;amministrazione del comune di La Palma del Condado (Huelva) Sito web:\u00a0 http:\/\/www.lapalmadelcondado.org\/ Facebook:\u00a0https:\/\/www.facebook.com\/AytoLaPalmaCdo Instagram:\u00a0@aytolapalmadelcondado Partners: P2 \u2013 Wisefour Innovation and Development Organisation Ltd, Cyprus Wisefour Innovation and Development Organisation Ltd \u00e8 un&#8217;organizzazione boutique di ricerca, innovazione e tecnologia con sede a Cipro che fornisce servizi di livello mondiale ad aziende e centri di ricerca in tutta Europa. La sua missione \u00e8 quella di riunire istituti leader a livello mondiale e aziende multinazionali di tutta Europa, identificando l&#8217;innovazione e la commercializzazione in corso della prossima generazione di Key Enabling Technologies (KET). Sito web: www.wisefour.eu Facebook:\u00a0@wise4company Instagram:\u00a0@wisefourcompany P3 \u2013 ENJOY ITALY, Italy Enjoy Italy \u2013 Strumenti e Servizi per l&#8217;Istruzione, la Formazione e lo Sviluppo Locale \u00e8 una giovane azienda fondata su pochi ma solidi valori. L&#8217;obiettivo principale \u00e8 la fornitura di strumenti e opportunit\u00e0 per la crescita professionale, sociale e culturale di insegnanti ed educatori. Per cittadini e comunit\u00e0 responsabili. Verso l&#8217;innovazione nell&#8217;istruzione europea. Sito web: www.enjoyitaly.org Facebook:\u00a0@EnjoyItaly P4 \u2013 Vienna Association of Education Volunteers, Austria La Vienna Education Volunteers Association (VAEV) \u00e8 un&#8217;organizzazione non governativa, con sede a Vienna, in Austria, formata da una comunit\u00e0 di sostenitori appassionati impegnati a sviluppare soluzioni sostenibili per migliorare i processi di istruzione e apprendimento conducendo ricerche, partecipando a progetti e promuovendo l&#8217;innovazione. . Sito web: https:\/\/euresearch.at\/ Instagram: https:\/\/www.instagram.com\/vaevrd\/ P5 \u2013 INSTITUTE OF ENTREPRENEURSHIP DEVELOPMENT, Greece Institute of Entrepreneurship Development (iED) \u00e8 un&#8217;organizzazione greca senza scopo di lucro impegnata a promuovere l&#8217;innovazione e migliorare l&#8217;imprenditorialit\u00e0. Fondato nel 2005, iED \u00e8 un importante centro di eccellenza certificato nell&#8217;imprenditoria europea e un centro di innovazione digitale in rapida crescita, registrato come membro del catalogo IHL della Commissione europea, che riconosce l&#8217;imprenditorialit\u00e0 come un fattore cruciale per il futuro dello sviluppo sostenibile e della coesione delle societ\u00e0. Sito web: http:\/\/ied.eu Facebook:\u00a0@ied.europe Instagram:\u00a0@ied.europe P6 \u2013 Kest\u00e4v\u00e4n Kehityksen Instituuttiry, Finland L&#8217;Istituto per lo sviluppo sostenibile (DSI) \u00e8 un&#8217;organizzazione non governativa senza scopo di lucro ai sensi della legge sulle entit\u00e0 giudiziarie senza scopo di lucro. Sito web: http:\/\/sustainabledevelopment.institute\/ Facebook:\u00a0@SustainableDevelopmentFinland<\/p>\n","protected":false},"author":1,"featured_media":0,"parent":0,"menu_order":0,"comment_status":"closed","ping_status":"closed","template":"","meta":{"_bbp_topic_count":0,"_bbp_reply_count":0,"_bbp_total_topic_count":0,"_bbp_total_reply_count":0,"_bbp_voice_count":0,"_bbp_anonymous_reply_count":0,"_bbp_topic_count_hidden":0,"_bbp_reply_count_hidden":0,"_bbp_forum_subforum_count":0,"footnotes":""},"class_list":["post-8817","page","type-page","status-publish","hentry","post-no-thumbnail"],"jetpack_sharing_enabled":true,"_links":{"self":[{"href":"https:\/\/eco-media.eu\/it\/wp-json\/wp\/v2\/pages\/8817","targetHints":{"allow":["GET"]}}],"collection":[{"href":"https:\/\/eco-media.eu\/it\/wp-json\/wp\/v2\/pages"}],"about":[{"href":"https:\/\/eco-media.eu\/it\/wp-json\/wp\/v2\/types\/page"}],"author":[{"embeddable":true,"href":"https:\/\/eco-media.eu\/it\/wp-json\/wp\/v2\/users\/1"}],"replies":[{"embeddable":true,"href":"https:\/\/eco-media.eu\/it\/wp-json\/wp\/v2\/comments?post=8817"}],"version-history":[{"count":10,"href":"https:\/\/eco-media.eu\/it\/wp-json\/wp\/v2\/pages\/8817\/revisions"}],"predecessor-version":[{"id":11354,"href":"https:\/\/eco-media.eu\/it\/wp-json\/wp\/v2\/pages\/8817\/revisions\/11354"}],"wp:attachment":[{"href":"https:\/\/eco-media.eu\/it\/wp-json\/wp\/v2\/media?parent=8817"}],"curies":[{"name":"wp","href":"https:\/\/api.w.org\/{rel}","templated":true}]}}